{"id":12,"date":"2017-04-13T15:45:44","date_gmt":"2017-04-13T13:45:44","guid":{"rendered":"http:\/\/www.progepi.fr\/?page_id=12"},"modified":"2018-07-02T14:46:02","modified_gmt":"2018-07-02T12:46:02","slug":"gisfitech","status":"publish","type":"page","link":"https:\/\/www.progepi.fr\/en\/gisfitech\/","title":{"rendered":"GISFItech"},"content":{"rendered":"<p>L\u2019\u00e9quipe GISFItech a pour objectif d\u2019assurer une <strong>meilleure gestion des sites et sols d\u00e9grad\u00e9s <\/strong>et de favoriser l\u2019innovation pour les acteurs de la d\u00e9pollution. Pour cela nous <strong>testons<\/strong>, <strong>\u00e9valuons<\/strong>, <strong>\u00e9laborons<\/strong> des proc\u00e9d\u00e9s innovants, des solutions de traitement, des outils et d\u00e9marches ainsi que des fili\u00e8res de valorisation des sites d\u00e9grad\u00e9s.<\/p>\n<p>Les prestations de recherche que nous proposons s\u2019adressent ainsi aux entreprises de d\u00e9pollution mais aussi aux collectivit\u00e9s souhaitant \u00eatre accompagn\u00e9es dans leur projet d\u2019urbanisation. Elles sont men\u00e9es par une \u00e9quipe d\u2019ing\u00e9nieurs \u00e0 plein temps qui \u00e9labore <strong>au cas par cas<\/strong> les propositions et r\u00e9alise les \u00e9tudes en fonction des besoins de <strong>chaque<\/strong> industriel. Les collaborations sont de <a href=\"\/gisfitech\/type-de-prestations\/\">diverses natures<\/a>.<\/p>\n<p>La particularit\u00e9 de ce dispositif de R&amp;D est de s\u2019appuyer sur les comp\u00e9tences et les \u00e9quipements\/dispositifs terrain des <a href=\"http:\/\/www.gisfi.fr\/fr\/presente.php\" target=\"_blank\">laboratoires du GISFI<\/a>. Il s\u2019agit du Groupement d\u2019Int\u00e9r\u00eat Scientifiques sur les Friches Industrielles \u00a0dont les recherches sont ax\u00e9es sur la compr\u00e9hension du devenir des polluants dans les sols, le d\u00e9veloppement des proc\u00e9d\u00e9s de traitement des pollutions et la restauration et valorisation des sites et sols d\u00e9grad\u00e9s. Le GISFI rassemble des scientifiques issus d\u2019un large spectre de disciplines telles que les g\u00e9osciences, l\u2019agronomie, l\u2019\u00e9cotoxicologie, la chimie-physique, la biologie et microbiologie, l\u2019\u00e9cologie, le g\u00e9nie des proc\u00e9des, la sant\u00e9, l\u2019\u00e9conomie ou encore la sociologie. Une station exp\u00e9rimentale, situ\u00e9e \u00e0 Hom\u00e9court (54), est mise \u00e0 disposition des chercheurs et de leurs partenaires pour la r\u00e9alisation d\u2019essais \u00e0 grande \u00e9chelle et appr\u00e9hender au mieux le passage du laboratoire au terrain gr\u00e2ce aux lysim\u00e8tres instrument\u00e9s, parcelles lysim\u00e9triques et autres parcelles.<\/p>\n<p><img loading=\"lazy\" class=\"aligncenter size-large wp-image-307\" src=\"http:\/\/www.progepi.fr\/wp-content\/uploads\/2017\/03\/presentation-gisfitech-1-1024x539.jpg\" alt=\"Pr\u00e9sentation GISFI\" width=\"840\" height=\"442\" \/><\/p>\n<p>La collaboration entre GISFItech et le GISFI permet aux industriels d\u2019avoir acc\u00e8s \u00e0 l\u2019expertise scientifique des laboratoires universitaires avec une <strong>forte r\u00e9activit\u00e9<\/strong> due \u00e0 la disponibilit\u00e9 d\u2019ing\u00e9nieurs pour r\u00e9pondre \u00e0 leur demande selon leurs besoins, et de r\u00e9aliser les \u00e9tudes dans un <strong>d\u00e9lai court<\/strong>. Les contrats de partenariat sont mis en place en pr\u00e9cisant le co\u00fbt, la dur\u00e9e, et les objectifs de l&#8217;\u00e9tude. Ensuite, la r\u00e9alisation est assur\u00e9e par une \u00e9quipe projet constitu\u00e9e d&#8217;ing\u00e9nieurs et de chercheurs des laboratoires partenaires, sp\u00e9cialistes du domaine.<\/p>\n<p><strong>Tous nos \u00e9changes sont couverts de confidentialit\u00e9. La signature d\u2019un accord de confidentialit\u00e9 vous sera propos\u00e9 au pr\u00e9alable des \u00e9changes.<\/strong><\/p>","protected":false},"excerpt":{"rendered":"<p>L\u2019\u00e9quipe GISFItech a pour objectif d\u2019assurer une meilleure gestion des sites et sols d\u00e9grad\u00e9s et de favoriser l\u2019innovation pour les acteurs de la d\u00e9pollution. Pour cela nous testons, \u00e9valuons, \u00e9laborons des proc\u00e9d\u00e9s innovants, des solutions de traitement, des outils et d\u00e9marches ainsi que des fili\u00e8res de valorisation des sites d\u00e9grad\u00e9s. Les prestations de recherche que &hellip; <a href=\"https:\/\/www.progepi.fr\/en\/gisfitech\/\" class=\"more-link\">Continue reading<span class=\"screen-reader-text\"> &#8220;GISFItech&#8221;<\/span><\/a><\/p>\n","protected":false},"author":1,"featured_media":0,"parent":0,"menu_order":78,"comment_status":"closed","ping_status":"closed","template":"","meta":[],"categories":[10],"tags":[],"_links":{"self":[{"href":"https:\/\/www.progepi.fr\/en\/wp-json\/wp\/v2\/pages\/12"}],"collection":[{"href":"https:\/\/www.progepi.fr\/en\/wp-json\/wp\/v2\/pages"}],"about":[{"href":"https:\/\/www.progepi.fr\/en\/wp-json\/wp\/v2\/types\/page"}],"author":[{"embeddable":true,"href":"https:\/\/www.progepi.fr\/en\/wp-json\/wp\/v2\/users\/1"}],"replies":[{"embeddable":true,"href":"https:\/\/www.progepi.fr\/en\/wp-json\/wp\/v2\/comments?post=12"}],"version-history":[{"count":8,"href":"https:\/\/www.progepi.fr\/en\/wp-json\/wp\/v2\/pages\/12\/revisions"}],"predecessor-version":[{"id":2709,"href":"https:\/\/www.progepi.fr\/en\/wp-json\/wp\/v2\/pages\/12\/revisions\/2709"}],"wp:attachment":[{"href":"https:\/\/www.progepi.fr\/en\/wp-json\/wp\/v2\/media?parent=12"}],"wp:term":[{"taxonomy":"category","embeddable":true,"href":"https:\/\/www.progepi.fr\/en\/wp-json\/wp\/v2\/categories?post=12"},{"taxonomy":"post_tag","embeddable":true,"href":"https:\/\/www.progepi.fr\/en\/wp-json\/wp\/v2\/tags?post=12"}],"curies":[{"name":"wp","href":"https:\/\/api.w.org\/{rel}","templated":true}]}}