{"id":130,"date":"2017-03-27T15:49:59","date_gmt":"2017-03-27T13:49:59","guid":{"rendered":"http:\/\/www.progepi.fr\/?page_id=130"},"modified":"2018-02-09T14:04:05","modified_gmt":"2018-02-09T13:04:05","slug":"bioprocedes-biomolecules","status":"publish","type":"page","link":"https:\/\/www.progepi.fr\/en\/processlab\/competences\/bioprocedes-biomolecules\/","title":{"rendered":"Bioprocesses \u2013 Biomolecules"},"content":{"rendered":"<p>We have expertise in the field of processes applied to health, food and environmental sectors.<br \/>\n\n   <div class=\"uix-sc-row\" style=\"padding: 0px 0px 0px 0px;\">\n\n   <div class=\"uix-sc-col--9  \">\n       Themes are mainly focused on societal issues such as white biotechnologies (Chemical inputs by fermentation, functionalized molecules, bio protein refinery), membrane processes (separation of complex mixtures of biomolecules), sensors (real-time monitoring of bioprocesses), genomic engineering (live catalyst subjected to process constraints), technologies for the imaging of the living and cancer treatment (functionalized nanoparticles), molecules production for therapeutic purposes (animal cells), cellular and tissue engineering (Stem cell expansion).\n\t<\/div>\n\n   <div class=\"uix-sc-col--3  uix-sc-col--last\">\n<img loading=\"lazy\" class=\"aligncenter wp-image-1094\" src=\"http:\/\/www.progepi.fr\/wp-content\/uploads\/2017\/03\/Image7.jpg\" alt=\"Biopr\u00e9c\u00e9d\u00e9s\" width=\"300\" height=\"300\" srcset=\"https:\/\/www.progepi.fr\/wp-content\/uploads\/2017\/03\/Image7.jpg 177w, https:\/\/www.progepi.fr\/wp-content\/uploads\/2017\/03\/Image7-150x150.jpg 150w, https:\/\/www.progepi.fr\/wp-content\/uploads\/2017\/03\/Image7-45x45.jpg 45w\" sizes=\"(max-width: 300px) 85vw, 300px\" \/><\/p>\n\n\t<\/div>\n\n\t<\/div><!-- \/.uix-sc-row -->                                   \n   <br \/>\nThese skills are based on a variety of equipment:<\/p>\n<ul>\n<li>Mini-bioreactors of animal cells culture<\/li>\n<li>Controlled fermenters<\/li>\n<li>Microscope with on-line image analyzer<\/li>\n<li>Preparative low pressure chromatography<\/li>\n<li>Liquid chromatography and capillary electrophoresis coupled to spectrometry<\/li>\n<\/ul>\n<div id='gallery-2' class='gallery galleryid-130 gallery-columns-5 gallery-size-thumbnail'><figure class='gallery-item'>\n\t\t\t<div class='gallery-icon landscape'>\n\t\t\t\t<a href='https:\/\/www.progepi.fr\/wp-content\/uploads\/2017\/03\/Image1.png' rel=\"lightbox[gallery-0]\"><img width=\"150\" height=\"150\" src=\"https:\/\/www.progepi.fr\/wp-content\/uploads\/2017\/03\/Image1-150x150.png\" class=\"attachment-thumbnail size-thumbnail\" alt=\"PROCESSLab\" loading=\"lazy\" srcset=\"https:\/\/www.progepi.fr\/wp-content\/uploads\/2017\/03\/Image1-150x150.png 150w, https:\/\/www.progepi.fr\/wp-content\/uploads\/2017\/03\/Image1-300x300.png 300w, https:\/\/www.progepi.fr\/wp-content\/uploads\/2017\/03\/Image1-45x45.png 45w, https:\/\/www.progepi.fr\/wp-content\/uploads\/2017\/03\/Image1.png 316w\" sizes=\"(max-width: 150px) 85vw, 150px\" \/><\/a>\n\t\t\t<\/div><\/figure><figure class='gallery-item'>\n\t\t\t<div class='gallery-icon landscape'>\n\t\t\t\t<a href='https:\/\/www.progepi.fr\/wp-content\/uploads\/2017\/03\/fermenteur1.jpg' rel=\"lightbox[gallery-0]\"><img width=\"150\" height=\"150\" src=\"https:\/\/www.progepi.fr\/wp-content\/uploads\/2017\/03\/fermenteur1-150x150.jpg\" class=\"attachment-thumbnail size-thumbnail\" alt=\"PROCESSLab\" loading=\"lazy\" srcset=\"https:\/\/www.progepi.fr\/wp-content\/uploads\/2017\/03\/fermenteur1-150x150.jpg 150w, https:\/\/www.progepi.fr\/wp-content\/uploads\/2017\/03\/fermenteur1-300x300.jpg 300w, https:\/\/www.progepi.fr\/wp-content\/uploads\/2017\/03\/fermenteur1-768x768.jpg 768w, https:\/\/www.progepi.fr\/wp-content\/uploads\/2017\/03\/fermenteur1-1024x1024.jpg 1024w, https:\/\/www.progepi.fr\/wp-content\/uploads\/2017\/03\/fermenteur1-1200x1200.jpg 1200w, https:\/\/www.progepi.fr\/wp-content\/uploads\/2017\/03\/fermenteur1-45x45.jpg 45w, https:\/\/www.progepi.fr\/wp-content\/uploads\/2017\/03\/fermenteur1.jpg 1536w\" sizes=\"(max-width: 150px) 85vw, 150px\" \/><\/a>\n\t\t\t<\/div><\/figure><figure class='gallery-item'>\n\t\t\t<div class='gallery-icon landscape'>\n\t\t\t\t<a href='https:\/\/www.progepi.fr\/wp-content\/uploads\/2017\/03\/image4.jpg' rel=\"lightbox[gallery-0]\"><img width=\"150\" height=\"150\" src=\"https:\/\/www.progepi.fr\/wp-content\/uploads\/2017\/03\/image4-150x150.jpg\" class=\"attachment-thumbnail size-thumbnail\" alt=\"PROCESSLab\" loading=\"lazy\" srcset=\"https:\/\/www.progepi.fr\/wp-content\/uploads\/2017\/03\/image4-150x150.jpg 150w, https:\/\/www.progepi.fr\/wp-content\/uploads\/2017\/03\/image4-45x45.jpg 45w, https:\/\/www.progepi.fr\/wp-content\/uploads\/2017\/03\/image4.jpg 221w\" sizes=\"(max-width: 150px) 85vw, 150px\" \/><\/a>\n\t\t\t<\/div><\/figure><figure class='gallery-item'>\n\t\t\t<div class='gallery-icon landscape'>\n\t\t\t\t<a href='https:\/\/www.progepi.fr\/wp-content\/uploads\/2017\/03\/Image6.jpg' rel=\"lightbox[gallery-0]\"><img width=\"150\" height=\"150\" src=\"https:\/\/www.progepi.fr\/wp-content\/uploads\/2017\/03\/Image6-150x150.jpg\" class=\"attachment-thumbnail size-thumbnail\" alt=\"PROCESSLab\" loading=\"lazy\" srcset=\"https:\/\/www.progepi.fr\/wp-content\/uploads\/2017\/03\/Image6-150x150.jpg 150w, https:\/\/www.progepi.fr\/wp-content\/uploads\/2017\/03\/Image6-45x45.jpg 45w, https:\/\/www.progepi.fr\/wp-content\/uploads\/2017\/03\/Image6.jpg 255w\" sizes=\"(max-width: 150px) 85vw, 150px\" \/><\/a>\n\t\t\t<\/div><\/figure><figure class='gallery-item'>\n\t\t\t<div class='gallery-icon landscape'>\n\t\t\t\t<a href='https:\/\/www.progepi.fr\/wp-content\/uploads\/2017\/03\/Image2.jpg' rel=\"lightbox[gallery-0]\"><img width=\"150\" height=\"150\" src=\"https:\/\/www.progepi.fr\/wp-content\/uploads\/2017\/03\/Image2-150x150.jpg\" class=\"attachment-thumbnail size-thumbnail\" alt=\"PROCESSLab\" loading=\"lazy\" srcset=\"https:\/\/www.progepi.fr\/wp-content\/uploads\/2017\/03\/Image2-150x150.jpg 150w, https:\/\/www.progepi.fr\/wp-content\/uploads\/2017\/03\/Image2-300x300.jpg 300w, https:\/\/www.progepi.fr\/wp-content\/uploads\/2017\/03\/Image2-45x45.jpg 45w, https:\/\/www.progepi.fr\/wp-content\/uploads\/2017\/03\/Image2.jpg 408w\" sizes=\"(max-width: 150px) 85vw, 150px\" \/><\/a>\n\t\t\t<\/div><\/figure>\n\t\t<\/div>\n<\/p>","protected":false},"excerpt":{"rendered":"<p>We have expertise in the field of processes applied to health, food and environmental sectors. These skills are based on a variety of equipment: Mini-bioreactors of animal cells culture Controlled fermenters Microscope with on-line image analyzer Preparative low pressure chromatography Liquid chromatography and capillary electrophoresis coupled to spectrometry<\/p>\n","protected":false},"author":1,"featured_media":0,"parent":119,"menu_order":97,"comment_status":"closed","ping_status":"closed","template":"","meta":[],"categories":[9],"tags":[],"_links":{"self":[{"href":"https:\/\/www.progepi.fr\/en\/wp-json\/wp\/v2\/pages\/130"}],"collection":[{"href":"https:\/\/www.progepi.fr\/en\/wp-json\/wp\/v2\/pages"}],"about":[{"href":"https:\/\/www.progepi.fr\/en\/wp-json\/wp\/v2\/types\/page"}],"author":[{"embeddable":true,"href":"https:\/\/www.progepi.fr\/en\/wp-json\/wp\/v2\/users\/1"}],"replies":[{"embeddable":true,"href":"https:\/\/www.progepi.fr\/en\/wp-json\/wp\/v2\/comments?post=130"}],"version-history":[{"count":7,"href":"https:\/\/www.progepi.fr\/en\/wp-json\/wp\/v2\/pages\/130\/revisions"}],"predecessor-version":[{"id":2459,"href":"https:\/\/www.progepi.fr\/en\/wp-json\/wp\/v2\/pages\/130\/revisions\/2459"}],"up":[{"embeddable":true,"href":"https:\/\/www.progepi.fr\/en\/wp-json\/wp\/v2\/pages\/119"}],"wp:attachment":[{"href":"https:\/\/www.progepi.fr\/en\/wp-json\/wp\/v2\/media?parent=130"}],"wp:term":[{"taxonomy":"category","embeddable":true,"href":"https:\/\/www.progepi.fr\/en\/wp-json\/wp\/v2\/categories?post=130"},{"taxonomy":"post_tag","embeddable":true,"href":"https:\/\/www.progepi.fr\/en\/wp-json\/wp\/v2\/tags?post=130"}],"curies":[{"name":"wp","href":"https:\/\/api.w.org\/{rel}","templated":true}]}}