{"id":14,"date":"2017-03-14T15:57:18","date_gmt":"2017-03-14T14:57:18","guid":{"rendered":"http:\/\/www.progepi.fr\/?page_id=14"},"modified":"2021-03-04T10:47:20","modified_gmt":"2021-03-04T09:47:20","slug":"progepevents","status":"publish","type":"page","link":"https:\/\/www.progepi.fr\/en\/progepevents\/","title":{"rendered":"PROGEP&#8217;events"},"content":{"rendered":"<p><\/p>\n<h2>Nos missions<\/h2>\n<ul>\n<li>Assurer la gestion <strong>logistique, financi\u00e8re et administrative,<\/strong><\/li>\n<li>Apporter <strong>aide, conseil et assistance,<\/strong> \u00e0 chaque \u00e9tape de l&#8217;organisation de votre \u00e9v\u00e9nement<\/li>\n<\/ul>\n<p><strong>Pour vous permettre de vous concentrer sur les aspects scientifiques de votre manifestation.<\/strong><\/p>\n<h2>Nos comp\u00e9tences<\/h2>\n<ul>\n<li><strong>Planification budg\u00e9taire<\/strong>, recherche de financements industriel ou public, facturation des participants, gestion des recettes, contr\u00f4le des d\u00e9penses<\/li>\n<li><strong>Inscription, h\u00e9bergement et accueil<\/strong> sur le lieu du congr\u00e8s des participants et intervenants (accueil bilingue)<\/li>\n<li><strong>Recherche, choix et coordination<\/strong> des services assur\u00e9s par des prestataires ext\u00e9rieurs (espaces, traiteurs, autocaristes, \u00e9quipement audiovisuel, traduction&#8230;)<\/li>\n<li><strong>Conception des supports de communication<\/strong> : site internet, logo, annonce, affiche, livre des r\u00e9sum\u00e9s, badges.<\/li>\n<li><strong>Secr\u00e9tariat scientifique<\/strong> : gestion des r\u00e9sum\u00e9s, des comit\u00e9s de lecture et de s\u00e9lection, des communications&#8230;(gestion bilingue)<\/li>\n<li><strong>Diffusion de l\u2019information<\/strong> par mailing, par un article dans la lettre Progepi et sur le site internet www.progepi.fr<\/li>\n<\/ul>\n<p><\/p>","protected":false},"excerpt":{"rendered":"<p>Nos missions Assurer la gestion logistique, financi\u00e8re et administrative, Apporter aide, conseil et assistance, \u00e0 chaque \u00e9tape de l&#8217;organisation de votre \u00e9v\u00e9nement Pour vous permettre de vous concentrer sur les aspects scientifiques de votre manifestation. Nos comp\u00e9tences Planification budg\u00e9taire, recherche de financements industriel ou public, facturation des participants, gestion des recettes, contr\u00f4le des d\u00e9penses Inscription, &hellip; <a href=\"https:\/\/www.progepi.fr\/en\/progepevents\/\" class=\"more-link\">Continue reading<span class=\"screen-reader-text\"> &#8220;PROGEP&#8217;events&#8221;<\/span><\/a><\/p>\n","protected":false},"author":1,"featured_media":0,"parent":0,"menu_order":111,"comment_status":"closed","ping_status":"closed","template":"","meta":[],"categories":[11],"tags":[],"_links":{"self":[{"href":"https:\/\/www.progepi.fr\/en\/wp-json\/wp\/v2\/pages\/14"}],"collection":[{"href":"https:\/\/www.progepi.fr\/en\/wp-json\/wp\/v2\/pages"}],"about":[{"href":"https:\/\/www.progepi.fr\/en\/wp-json\/wp\/v2\/types\/page"}],"author":[{"embeddable":true,"href":"https:\/\/www.progepi.fr\/en\/wp-json\/wp\/v2\/users\/1"}],"replies":[{"embeddable":true,"href":"https:\/\/www.progepi.fr\/en\/wp-json\/wp\/v2\/comments?post=14"}],"version-history":[{"count":7,"href":"https:\/\/www.progepi.fr\/en\/wp-json\/wp\/v2\/pages\/14\/revisions"}],"predecessor-version":[{"id":5138,"href":"https:\/\/www.progepi.fr\/en\/wp-json\/wp\/v2\/pages\/14\/revisions\/5138"}],"wp:attachment":[{"href":"https:\/\/www.progepi.fr\/en\/wp-json\/wp\/v2\/media?parent=14"}],"wp:term":[{"taxonomy":"category","embeddable":true,"href":"https:\/\/www.progepi.fr\/en\/wp-json\/wp\/v2\/categories?post=14"},{"taxonomy":"post_tag","embeddable":true,"href":"https:\/\/www.progepi.fr\/en\/wp-json\/wp\/v2\/tags?post=14"}],"curies":[{"name":"wp","href":"https:\/\/api.w.org\/{rel}","templated":true}]}}