{"id":148,"date":"2017-03-27T15:56:41","date_gmt":"2017-03-27T13:56:41","guid":{"rendered":"http:\/\/www.progepi.fr\/?page_id=148"},"modified":"2018-02-09T14:46:56","modified_gmt":"2018-02-09T13:46:56","slug":"modelisation-et-simulation","status":"publish","type":"page","link":"https:\/\/www.progepi.fr\/en\/processlab\/type-de-prestations\/modelisation-et-simulation\/","title":{"rendered":"Mod\u00e9lisation et simulation"},"content":{"rendered":"<p><\/p>\n<h2>Simulations num\u00e9riques des \u00e9coulements<\/h2>\n<p>La <strong>simulation num\u00e9rique<\/strong> est un outil tr\u00e8s utile \u00e0 la ma\u00eetrise et l&#8217;\u00e9laboration d&#8217;un proc\u00e9d\u00e9. La simulation rend possible l&#8217;\u00e9tude et la compr\u00e9hension de ph\u00e9nom\u00e8nes entrant en jeu dans les r\u00e9acteurs. <strong>Elle permet \u00e9galement de limiter les besoins en essais exp\u00e9rimentaux.<\/strong><\/p>\n<p>L\u2019int\u00e9r\u00eat de la CFD (Computational Fluid Dynamics) est de pouvoir pr\u00e9dire le comportement hydrodynamique d\u2019une phase ou d&#8217;un m\u00e9lange diphasique liquide\u00a0\/\u00a0gaz dans un syst\u00e8me dont la g\u00e9om\u00e9trie est d\u00e9finie.<\/p>\n<p><strong>Ceci permet ensuite d\u2019\u00e9valuer les performances d\u2019un \u00e9quipement, d\u2019en optimiser la g\u00e9om\u00e9trie, et d\u2019accompagner leur dimensionnement lors de phase de changement d&#8217;\u00e9chelle.<\/strong><\/p>\n<p><strong>PROGEPI<\/strong> dispose d&#8217;outils informatiques (logiciels Fluent, Comsol) pour vous accompagner dans votre d\u00e9marche de d\u00e9veloppement d&#8217;un nouveau proc\u00e9d\u00e9, ou bien pour r\u00e9pondre \u00e0 vos besoins d&#8217;optimisation\u00a0\/\u00a0d&#8217;intensification d&#8217;un proc\u00e9d\u00e9 existant.<\/p>\n\n   <div class=\"uix-sc-row\" style=\"padding: 0px 0px 0px 0px;\">\n\n   <div class=\"uix-sc-col--9  \">\n       \n<p><strong>FLUENT :<\/strong> Depuis plus de vingt ans, Fluent est le leader dans le d\u00e9veloppement de logiciels CFD (Computationel Fluid Dynamic).<\/p>\n\n\t<\/div>\n\n   <div class=\"uix-sc-col--3  uix-sc-col--last\">\n       \n<p><img loading=\"lazy\" class=\"aligncenter size-medium wp-image-625\" src=\"http:\/\/www.progepi.fr\/wp-content\/uploads\/2017\/03\/logo-fluent-300x140.jpg\" alt=\"Fluent - ANSYS\" width=\"300\" height=\"140\" srcset=\"https:\/\/www.progepi.fr\/wp-content\/uploads\/2017\/03\/logo-fluent-300x140.jpg 300w, https:\/\/www.progepi.fr\/wp-content\/uploads\/2017\/03\/logo-fluent.jpg 328w\" sizes=\"(max-width: 300px) 85vw, 300px\" \/><\/p>\n\n\t<\/div>\n\n\t<\/div><!-- \/.uix-sc-row -->                                   \n   \n<p>Sa force vient du tr\u00e8s grand nombre de mod\u00e8les disponibles, pouvant faire face \u00e0 de tr\u00e8s nombreux aspects de la m\u00e9canique des fluides : \u00e9coulement diphasique (miscible, non miscible, cavitation, solidification, turbulence (LES, KE, KW, SA, Reynolds Stress, &#8230;)), combustion (pr\u00e9-m\u00e9lang\u00e9e et non pr\u00e9-m\u00e9lang\u00e9e), transport de particules, \u00e9coulement en milieux poreux, maillages mobiles et dynamiques avec reconstruction du maillage&#8230;<\/p>\n\n   <div class=\"uix-sc-row\" style=\"padding: 0px 0px 0px 0px;\">\n\n   <div class=\"uix-sc-col--9  \">\n       \n<p><strong>COMSOL<\/strong> et le module optionnel &#8220;Chemical Engineering&#8221;.<br \/>\nLe point fort de ce logiciel repose sur l&#8217;\u00e9tendue de son champ d&#8217;application : la simulation multiphysique assurant le couplage entre les lois physiques des \u00e9coulements et celles de la m\u00e9canique des structures, ainsi que les lois de l&#8217;\u00e9lectromagn\u00e9tisme.<\/p>\n<p>Le champ d&#8217;application couvert est donc extr\u00eamement vaste et s&#8217;\u00e9tend du microscopique au macroscopique.<\/p>\n\n\t<\/div>\n\n   <div class=\"uix-sc-col--3  uix-sc-col--last\">\n       \n<p><img loading=\"lazy\" class=\"aligncenter size-full wp-image-626\" src=\"http:\/\/www.progepi.fr\/wp-content\/uploads\/2017\/03\/logo-comsol.jpg\" alt=\"COMSOL Multiphysics\" width=\"235\" height=\"214\" \/><\/p>\n\n\t<\/div>\n\n\t<\/div><!-- \/.uix-sc-row -->                                   \n   \n<h2>Mod\u00e9lisation de proc\u00e9d\u00e9s<\/h2>\n<p>La <strong>mod\u00e9lisation de proc\u00e9d\u00e9s<\/strong> permet aux industriels d\u2019une part d\u2019am\u00e9liorer l\u2019efficacit\u00e9 et la rentabilit\u00e9 d\u2019un proc\u00e9d\u00e9 existant et d\u2019autre part de concevoir et de simuler une nouvelle unit\u00e9 de production.<\/p>\n<p>Plusieurs logiciels commerciaux permettent de <strong>concevoir, d\u2019optimiser et de suivre les performances<\/strong> de la majorit\u00e9 des proc\u00e9d\u00e9s industriels existants\u00a0dans les secteurs suivants\u00a0:<\/p>\n<ul>\n<li>chimie organique et min\u00e9rale allant de la chimie lourde \u00e0 la chimie fine\u00a0;<\/li>\n<li>p\u00e9trochimie et carbochimie\u00a0;<\/li>\n<li>liqu\u00e9faction\/ gaz\u00e9ification du charbon\u00a0;<\/li>\n<li>agro-alimentaire\u00a0;<\/li>\n<li>traitement des min\u00e9raux\u00a0;<\/li>\n<li>biotechnologie.<\/li>\n<\/ul>\n<p><strong>PROGEPI travaille avec les logiciels de mod\u00e9lisation de proc\u00e9d\u00e9s comme ASPEN plus, PRO\/II, Gproms, PROSIM.<\/strong><\/p>\n<p>Par exemple, \u00e0 partir de la d\u00e9finition des constituants du proc\u00e9d\u00e9, du choix du mod\u00e8le thermodynamique adapt\u00e9 et des r\u00e9actions chimiques, Aspen Plus permet de\u00a0:<\/p>\n<ul>\n<li>r\u00e9soudre les bilans de mati\u00e8re et d\u2019\u00e9nergie des proc\u00e9d\u00e9s\u00a0;<\/li>\n<li>d\u00e9terminer des \u00e9quilibres liquide\/liquide et liquide\/vapeur\u00a0(dans la limite des bases de donn\u00e9es fournies) ;<\/li>\n<li>d\u00e9terminer les caract\u00e9ristiques (d\u00e9bit, composition, pression, temp\u00e9rature) pour les diff\u00e9rents fluides\u00a0;<\/li>\n<li>fournir les \u00e9l\u00e9ments n\u00e9cessaires au dimensionnement des \u00e9quipements comme par exemple la quantit\u00e9 de chaleur \u00e9chang\u00e9e ou le nombre d\u2019\u00e9tages th\u00e9orique.<\/li>\n<\/ul>\n<p><strong>PROGEPI dispose \u00e9galement de comp\u00e9tences pour d\u00e9velopper en interne et sp\u00e9cifiquement (code FORTRAN, MATLAB, principalement) des mod\u00e8les repr\u00e9sentatifs de vos proc\u00e9d\u00e9s, ou de vos unit\u00e9s.<\/strong><\/p>","protected":false},"excerpt":{"rendered":"<p>Simulations num\u00e9riques des \u00e9coulements La simulation num\u00e9rique est un outil tr\u00e8s utile \u00e0 la ma\u00eetrise et l&#8217;\u00e9laboration d&#8217;un proc\u00e9d\u00e9. La simulation rend possible l&#8217;\u00e9tude et la compr\u00e9hension de ph\u00e9nom\u00e8nes entrant en jeu dans les r\u00e9acteurs. Elle permet \u00e9galement de limiter les besoins en essais exp\u00e9rimentaux. L\u2019int\u00e9r\u00eat de la CFD (Computational Fluid Dynamics) est de pouvoir &hellip; <a href=\"https:\/\/www.progepi.fr\/en\/processlab\/type-de-prestations\/modelisation-et-simulation\/\" class=\"more-link\">Continue reading<span class=\"screen-reader-text\"> &#8220;Mod\u00e9lisation et simulation&#8221;<\/span><\/a><\/p>\n","protected":false},"author":1,"featured_media":0,"parent":142,"menu_order":104,"comment_status":"closed","ping_status":"closed","template":"","meta":[],"categories":[9],"tags":[],"_links":{"self":[{"href":"https:\/\/www.progepi.fr\/en\/wp-json\/wp\/v2\/pages\/148"}],"collection":[{"href":"https:\/\/www.progepi.fr\/en\/wp-json\/wp\/v2\/pages"}],"about":[{"href":"https:\/\/www.progepi.fr\/en\/wp-json\/wp\/v2\/types\/page"}],"author":[{"embeddable":true,"href":"https:\/\/www.progepi.fr\/en\/wp-json\/wp\/v2\/users\/1"}],"replies":[{"embeddable":true,"href":"https:\/\/www.progepi.fr\/en\/wp-json\/wp\/v2\/comments?post=148"}],"version-history":[{"count":9,"href":"https:\/\/www.progepi.fr\/en\/wp-json\/wp\/v2\/pages\/148\/revisions"}],"predecessor-version":[{"id":2468,"href":"https:\/\/www.progepi.fr\/en\/wp-json\/wp\/v2\/pages\/148\/revisions\/2468"}],"up":[{"embeddable":true,"href":"https:\/\/www.progepi.fr\/en\/wp-json\/wp\/v2\/pages\/142"}],"wp:attachment":[{"href":"https:\/\/www.progepi.fr\/en\/wp-json\/wp\/v2\/media?parent=148"}],"wp:term":[{"taxonomy":"category","embeddable":true,"href":"https:\/\/www.progepi.fr\/en\/wp-json\/wp\/v2\/categories?post=148"},{"taxonomy":"post_tag","embeddable":true,"href":"https:\/\/www.progepi.fr\/en\/wp-json\/wp\/v2\/tags?post=148"}],"curies":[{"name":"wp","href":"https:\/\/api.w.org\/{rel}","templated":true}]}}