{"id":152,"date":"2017-03-27T15:58:06","date_gmt":"2017-03-27T13:58:06","guid":{"rendered":"http:\/\/www.progepi.fr\/?page_id=152"},"modified":"2019-07-19T15:35:41","modified_gmt":"2019-07-19T13:35:41","slug":"logiciels","status":"publish","type":"page","link":"https:\/\/www.progepi.fr\/en\/processlab\/logiciels\/","title":{"rendered":"Logiciels"},"content":{"rendered":"<p>Progepi commercialise actuellement trois logiciels qui ont \u00e9t\u00e9 d\u00e9velopp\u00e9s en partenariat avec le LRGP. Ces logiciels constituent des outils pour la conception ou la compr\u00e9hension de proc\u00e9d\u00e9.<\/p>","protected":false},"excerpt":{"rendered":"<p>Progepi commercialise actuellement trois logiciels qui ont \u00e9t\u00e9 d\u00e9velopp\u00e9s en partenariat avec le LRGP. Ces logiciels constituent des outils pour la conception ou la compr\u00e9hension de proc\u00e9d\u00e9.<\/p>\n","protected":false},"author":1,"featured_media":0,"parent":9,"menu_order":106,"comment_status":"closed","ping_status":"closed","template":"","meta":[],"categories":[9],"tags":[],"_links":{"self":[{"href":"https:\/\/www.progepi.fr\/en\/wp-json\/wp\/v2\/pages\/152"}],"collection":[{"href":"https:\/\/www.progepi.fr\/en\/wp-json\/wp\/v2\/pages"}],"about":[{"href":"https:\/\/www.progepi.fr\/en\/wp-json\/wp\/v2\/types\/page"}],"author":[{"embeddable":true,"href":"https:\/\/www.progepi.fr\/en\/wp-json\/wp\/v2\/users\/1"}],"replies":[{"embeddable":true,"href":"https:\/\/www.progepi.fr\/en\/wp-json\/wp\/v2\/comments?post=152"}],"version-history":[{"count":6,"href":"https:\/\/www.progepi.fr\/en\/wp-json\/wp\/v2\/pages\/152\/revisions"}],"predecessor-version":[{"id":2478,"href":"https:\/\/www.progepi.fr\/en\/wp-json\/wp\/v2\/pages\/152\/revisions\/2478"}],"up":[{"embeddable":true,"href":"https:\/\/www.progepi.fr\/en\/wp-json\/wp\/v2\/pages\/9"}],"wp:attachment":[{"href":"https:\/\/www.progepi.fr\/en\/wp-json\/wp\/v2\/media?parent=152"}],"wp:term":[{"taxonomy":"category","embeddable":true,"href":"https:\/\/www.progepi.fr\/en\/wp-json\/wp\/v2\/categories?post=152"},{"taxonomy":"post_tag","embeddable":true,"href":"https:\/\/www.progepi.fr\/en\/wp-json\/wp\/v2\/tags?post=152"}],"curies":[{"name":"wp","href":"https:\/\/api.w.org\/{rel}","templated":true}]}}