{"id":156,"date":"2017-03-27T15:59:54","date_gmt":"2017-03-27T13:59:54","guid":{"rendered":"http:\/\/www.progepi.fr\/?page_id=156"},"modified":"2018-02-09T15:30:38","modified_gmt":"2018-02-09T14:30:38","slug":"dts-pro","status":"publish","type":"page","link":"https:\/\/www.progepi.fr\/en\/processlab\/logiciels\/dts-pro\/","title":{"rendered":"DTS Pro"},"content":{"rendered":"<p>Mod\u00e9lisation des \u00e9coulements de liquide, solide ou de gaz en r\u00e9gime permanent.<\/p>\n<p>Outil d\u2019interpr\u00e9tation th\u00e9orique des exp\u00e9riences de tra\u00e7age.<\/p>\n<h2>Contexte<\/h2>\n<p>Le concept de DTS (Distribution des Temps de S\u00e9jour) permet de d\u00e9crire les \u00e9coulements \u00e0 l\u2019aide des param\u00e8tres hydrodynamiques de l\u2019ing\u00e9nieur : zones de m\u00e9lange, \u00e9coulement piston, court-circuits, volumes morts, boucles de recyclage.<\/p>\n<p>Le logiciel DTS Pro facilite la simulation d\u2019\u00e9coulements avec le mod\u00e8le de Distribution de Temps de S\u00e9jour. En particulier, il simplifie l\u2019interpr\u00e9tation des exp\u00e9riences de tra\u00e7age dans les r\u00e9acteurs et autres syst\u00e8mes \u00e0 l\u2019\u00e9chelle industrielle ou \u00e0 l\u2019\u00e9chelle du laboratoire.<\/p>\n<h2>Description du logiciel<\/h2>\n<p>Le logiciel utilise des modules qui sont interconnect\u00e9s pour former un r\u00e9seau qui a une entr\u00e9e et une sortie. Le r\u00e9seau contient aussi des noeuds qui connectent les diff\u00e9rentes branches du r\u00e9seau.<\/p>\n<h3>Noeuds<\/h3>\n<p>Les noeuds sont des composants du r\u00e9seau pour lesquels la somme alg\u00e9brique des d\u00e9bits est \u00e9gale \u00e0 0 (except\u00e9 pour l\u2019entr\u00e9e et la sortie du r\u00e9seau). Il existe six types de noeuds :<\/p>\n<ul>\n<li>noeud simple qui connecte les branches entre elles,<\/li>\n<li>noeud d\u2019entr\u00e9e sans injection de traceur,<\/li>\n<li>noeud d\u2019injection,<\/li>\n<li>noeud d\u2019entr\u00e9e avec injection de traceur,<\/li>\n<li>noeud de visualization,<\/li>\n<li>noeud de sortie sans visualisation.<\/li>\n<\/ul>\n<h3>Modules<\/h3>\n<p>Les 8 r\u00e9acteurs \u00e9l\u00e9mentaires disponibles sont :<\/p>\n<ul>\n<li>r\u00e9acteur parfaitement agit\u00e9 : seul, en s\u00e9rie, en s\u00e9rie avec volume mort, en s\u00e9rie avec r\u00e9tro-m\u00e9lange<\/li>\n<li>r\u00e9acteur piston : simple, avec dispersion axiale : ouvert, ferm\u00e9 ou semi-ouvert \u00e0 la diffusion<\/li>\n<\/ul>\n<h2>Exemple<\/h2>\n<p>Comparaison d\u2019une distribution de temps de s\u00e9jour exp\u00e9rimentale et simul\u00e9e pour un syst\u00e8me compos\u00e9 d\u2019un r\u00e9acteur parfaitement agit\u00e9 en parall\u00e8le avec un r\u00e9acteur piston lui-m\u00eame en s\u00e9rie avec un r\u00e9acteur piston avec dispersion axiale ouvert \u00e0 la diffusion.<\/p>\n<ul>\n<li>Q = 1,32 L\/min (0,66 L\/min in each branch),<\/li>\n<li>Perfect mixing cell : V = 0, 69 L,<\/li>\n<li>Plug flow reactor : V = 2, 2 L,<\/li>\n<li>Plug flow reactor with axial dispersion open to the diffusion : V = 0, 44 L &#8211; Pe = 7.<\/li>\n<\/ul>\n<p><\/p>","protected":false},"excerpt":{"rendered":"<p>Mod\u00e9lisation des \u00e9coulements de liquide, solide ou de gaz en r\u00e9gime permanent. Outil d\u2019interpr\u00e9tation th\u00e9orique des exp\u00e9riences de tra\u00e7age. Contexte Le concept de DTS (Distribution des Temps de S\u00e9jour) permet de d\u00e9crire les \u00e9coulements \u00e0 l\u2019aide des param\u00e8tres hydrodynamiques de l\u2019ing\u00e9nieur : zones de m\u00e9lange, \u00e9coulement piston, court-circuits, volumes morts, boucles de recyclage. Le logiciel &hellip; <a href=\"https:\/\/www.progepi.fr\/en\/processlab\/logiciels\/dts-pro\/\" class=\"more-link\">Continue reading<span class=\"screen-reader-text\"> &#8220;DTS Pro&#8221;<\/span><\/a><\/p>\n","protected":false},"author":1,"featured_media":0,"parent":152,"menu_order":108,"comment_status":"closed","ping_status":"closed","template":"","meta":[],"categories":[9],"tags":[],"_links":{"self":[{"href":"https:\/\/www.progepi.fr\/en\/wp-json\/wp\/v2\/pages\/156"}],"collection":[{"href":"https:\/\/www.progepi.fr\/en\/wp-json\/wp\/v2\/pages"}],"about":[{"href":"https:\/\/www.progepi.fr\/en\/wp-json\/wp\/v2\/types\/page"}],"author":[{"embeddable":true,"href":"https:\/\/www.progepi.fr\/en\/wp-json\/wp\/v2\/users\/1"}],"replies":[{"embeddable":true,"href":"https:\/\/www.progepi.fr\/en\/wp-json\/wp\/v2\/comments?post=156"}],"version-history":[{"count":6,"href":"https:\/\/www.progepi.fr\/en\/wp-json\/wp\/v2\/pages\/156\/revisions"}],"predecessor-version":[{"id":2454,"href":"https:\/\/www.progepi.fr\/en\/wp-json\/wp\/v2\/pages\/156\/revisions\/2454"}],"up":[{"embeddable":true,"href":"https:\/\/www.progepi.fr\/en\/wp-json\/wp\/v2\/pages\/152"}],"wp:attachment":[{"href":"https:\/\/www.progepi.fr\/en\/wp-json\/wp\/v2\/media?parent=156"}],"wp:term":[{"taxonomy":"category","embeddable":true,"href":"https:\/\/www.progepi.fr\/en\/wp-json\/wp\/v2\/categories?post=156"},{"taxonomy":"post_tag","embeddable":true,"href":"https:\/\/www.progepi.fr\/en\/wp-json\/wp\/v2\/tags?post=156"}],"curies":[{"name":"wp","href":"https:\/\/api.w.org\/{rel}","templated":true}]}}