{"id":158,"date":"2017-03-27T16:00:12","date_gmt":"2017-03-27T14:00:12","guid":{"rendered":"http:\/\/www.progepi.fr\/?page_id=158"},"modified":"2019-02-13T11:52:49","modified_gmt":"2019-02-13T10:52:49","slug":"memsic","status":"publish","type":"page","link":"https:\/\/www.progepi.fr\/en\/processlab\/logiciels\/memsic\/","title":{"rendered":"Memsic"},"content":{"rendered":"<p>\n   <div class=\"uix-sc-row\" style=\"padding: 0px 0px 0px 0px;\">\n\n   <div class=\"uix-sc-col--9  \">\n       \n<p>MEMSIC est un logiciel permettant de simuler la s\u00e9paration multiconstituant \u00e0 travers un module membranaire de perm\u00e9ation gazeuse, il succ\u00e8de au logiciel M3PRO. Disponible sous la forme d&#8217;un module CAPE-OPEN compatible avec les logiciels de simulation des proc\u00e9d\u00e9s (Aspen, Hysys, Pro\/II, PROSIM&#8230;) ainsi qu&#8217;en standalone.<\/p>\n<p>Quatre mod\u00e8les d\u2019\u00e9coulement sont consid\u00e9r\u00e9s : l\u2019\u00e9coulement parfaitement agit\u00e9, l\u2019\u00e9coulement piston crois\u00e9 et les \u00e9coulements parall\u00e8les co- et contre-courant.<\/p>\n\n\t<\/div>\n\n   <div class=\"uix-sc-col--3  uix-sc-col--last\">\n       \n<p><img loading=\"lazy\" class=\"size-medium wp-image-274 aligncenter\" src=\"http:\/\/www.progepi.fr\/wp-content\/uploads\/2017\/03\/memsic_1-300x265.jpg\" alt=\"Logo_memsic\" width=\"300\" height=\"265\" \/><\/p>\n\n\t<\/div>\n\n\t<\/div><!-- \/.uix-sc-row -->                                   \n   <\/p>\n<p><a href=\"\/wp-content\/uploads\/2017\/03\/notice_memsic.pdf\" target=\"_blank\"><i class=\"fa fa-file-pdf-o\" style=\" \"><\/i> Notice du logiciel<\/a><\/p>\n<p><i class=\"fa fa-video-camera\"><\/i>\u00a0\u00a0<strong>Vid\u00e9o de d\u00e9monstration<\/strong><\/p>\n<div style=\"width: 640px;\" class=\"wp-video\"><!--[if lt IE 9]><script>document.createElement('video');<\/script><![endif]-->\n<video class=\"wp-video-shortcode\" id=\"video-158-1\" width=\"640\" height=\"360\" preload=\"metadata\" controls=\"controls\"><source type=\"video\/mp4\" src=\"http:\/\/www.progepi.fr\/wp-content\/uploads\/2017\/03\/memsic.mp4?_=1\" \/><a href=\"http:\/\/www.progepi.fr\/wp-content\/uploads\/2017\/03\/memsic.mp4\">http:\/\/www.progepi.fr\/wp-content\/uploads\/2017\/03\/memsic.mp4<\/a><\/video><\/div>\n<p>MEMSIC est commercialis\u00e9 sous forme de licence monoposte annuelle.<\/p>\n<p>Pour toutes demandes d\u2019information ou de devis, vous pouvez nous contacter via le formulaire de contact.<\/p>","protected":false},"excerpt":{"rendered":"<p>Notice du logiciel \u00a0\u00a0Vid\u00e9o de d\u00e9monstration MEMSIC est commercialis\u00e9 sous forme de licence monoposte annuelle. Pour toutes demandes d\u2019information ou de devis, vous pouvez nous contacter via le formulaire de contact.<\/p>\n","protected":false},"author":1,"featured_media":0,"parent":152,"menu_order":109,"comment_status":"closed","ping_status":"closed","template":"","meta":[],"categories":[9],"tags":[],"_links":{"self":[{"href":"https:\/\/www.progepi.fr\/en\/wp-json\/wp\/v2\/pages\/158"}],"collection":[{"href":"https:\/\/www.progepi.fr\/en\/wp-json\/wp\/v2\/pages"}],"about":[{"href":"https:\/\/www.progepi.fr\/en\/wp-json\/wp\/v2\/types\/page"}],"author":[{"embeddable":true,"href":"https:\/\/www.progepi.fr\/en\/wp-json\/wp\/v2\/users\/1"}],"replies":[{"embeddable":true,"href":"https:\/\/www.progepi.fr\/en\/wp-json\/wp\/v2\/comments?post=158"}],"version-history":[{"count":6,"href":"https:\/\/www.progepi.fr\/en\/wp-json\/wp\/v2\/pages\/158\/revisions"}],"predecessor-version":[{"id":3966,"href":"https:\/\/www.progepi.fr\/en\/wp-json\/wp\/v2\/pages\/158\/revisions\/3966"}],"up":[{"embeddable":true,"href":"https:\/\/www.progepi.fr\/en\/wp-json\/wp\/v2\/pages\/152"}],"wp:attachment":[{"href":"https:\/\/www.progepi.fr\/en\/wp-json\/wp\/v2\/media?parent=158"}],"wp:term":[{"taxonomy":"category","embeddable":true,"href":"https:\/\/www.progepi.fr\/en\/wp-json\/wp\/v2\/categories?post=158"},{"taxonomy":"post_tag","embeddable":true,"href":"https:\/\/www.progepi.fr\/en\/wp-json\/wp\/v2\/tags?post=158"}],"curies":[{"name":"wp","href":"https:\/\/api.w.org\/{rel}","templated":true}]}}