{"id":1626,"date":"2017-04-25T14:44:12","date_gmt":"2017-04-25T12:44:12","guid":{"rendered":"http:\/\/www.progepi.fr\/?page_id=1626"},"modified":"2017-04-25T14:44:12","modified_gmt":"2017-04-25T12:44:12","slug":"2015-procedes-pour-la-bioraffinerie-enjeux-et-avancees","status":"publish","type":"page","link":"https:\/\/www.progepi.fr\/en\/progepevents\/j3p\/retrospective\/2015-procedes-pour-la-bioraffinerie-enjeux-et-avancees\/","title":{"rendered":"(Fran\u00e7ais) 2015 &#8211; Proc\u00e9d\u00e9s pour la Bioraffinerie : enjeux et avanc\u00e9es"},"content":{"rendered":"","protected":false},"excerpt":{"rendered":"","protected":false},"author":1,"featured_media":0,"parent":435,"menu_order":123,"comment_status":"closed","ping_status":"closed","template":"","meta":[],"categories":[11],"tags":[],"_links":{"self":[{"href":"https:\/\/www.progepi.fr\/en\/wp-json\/wp\/v2\/pages\/1626"}],"collection":[{"href":"https:\/\/www.progepi.fr\/en\/wp-json\/wp\/v2\/pages"}],"about":[{"href":"https:\/\/www.progepi.fr\/en\/wp-json\/wp\/v2\/types\/page"}],"author":[{"embeddable":true,"href":"https:\/\/www.progepi.fr\/en\/wp-json\/wp\/v2\/users\/1"}],"replies":[{"embeddable":true,"href":"https:\/\/www.progepi.fr\/en\/wp-json\/wp\/v2\/comments?post=1626"}],"version-history":[{"count":1,"href":"https:\/\/www.progepi.fr\/en\/wp-json\/wp\/v2\/pages\/1626\/revisions"}],"predecessor-version":[{"id":1638,"href":"https:\/\/www.progepi.fr\/en\/wp-json\/wp\/v2\/pages\/1626\/revisions\/1638"}],"up":[{"embeddable":true,"href":"https:\/\/www.progepi.fr\/en\/wp-json\/wp\/v2\/pages\/435"}],"wp:attachment":[{"href":"https:\/\/www.progepi.fr\/en\/wp-json\/wp\/v2\/media?parent=1626"}],"wp:term":[{"taxonomy":"category","embeddable":true,"href":"https:\/\/www.progepi.fr\/en\/wp-json\/wp\/v2\/categories?post=1626"},{"taxonomy":"post_tag","embeddable":true,"href":"https:\/\/www.progepi.fr\/en\/wp-json\/wp\/v2\/tags?post=1626"}],"curies":[{"name":"wp","href":"https:\/\/api.w.org\/{rel}","templated":true}]}}