{"id":1650,"date":"2017-04-25T15:05:57","date_gmt":"2017-04-25T13:05:57","guid":{"rendered":"http:\/\/www.progepi.fr\/?page_id=1650"},"modified":"2017-04-25T15:05:57","modified_gmt":"2017-04-25T13:05:57","slug":"2014-utilisation-de-la-cfd-en-genie-des-procedes","status":"publish","type":"page","link":"https:\/\/www.progepi.fr\/en\/progepevents\/j3p\/retrospective\/2014-utilisation-de-la-cfd-en-genie-des-procedes\/","title":{"rendered":"(Fran\u00e7ais) 2014 &#8211; Utilisation de la CFD en g\u00e9nie des proc\u00e9d\u00e9s"},"content":{"rendered":"","protected":false},"excerpt":{"rendered":"","protected":false},"author":1,"featured_media":0,"parent":435,"menu_order":121,"comment_status":"closed","ping_status":"closed","template":"","meta":[],"categories":[11],"tags":[],"_links":{"self":[{"href":"https:\/\/www.progepi.fr\/en\/wp-json\/wp\/v2\/pages\/1650"}],"collection":[{"href":"https:\/\/www.progepi.fr\/en\/wp-json\/wp\/v2\/pages"}],"about":[{"href":"https:\/\/www.progepi.fr\/en\/wp-json\/wp\/v2\/types\/page"}],"author":[{"embeddable":true,"href":"https:\/\/www.progepi.fr\/en\/wp-json\/wp\/v2\/users\/1"}],"replies":[{"embeddable":true,"href":"https:\/\/www.progepi.fr\/en\/wp-json\/wp\/v2\/comments?post=1650"}],"version-history":[{"count":1,"href":"https:\/\/www.progepi.fr\/en\/wp-json\/wp\/v2\/pages\/1650\/revisions"}],"predecessor-version":[{"id":1662,"href":"https:\/\/www.progepi.fr\/en\/wp-json\/wp\/v2\/pages\/1650\/revisions\/1662"}],"up":[{"embeddable":true,"href":"https:\/\/www.progepi.fr\/en\/wp-json\/wp\/v2\/pages\/435"}],"wp:attachment":[{"href":"https:\/\/www.progepi.fr\/en\/wp-json\/wp\/v2\/media?parent=1650"}],"wp:term":[{"taxonomy":"category","embeddable":true,"href":"https:\/\/www.progepi.fr\/en\/wp-json\/wp\/v2\/categories?post=1650"},{"taxonomy":"post_tag","embeddable":true,"href":"https:\/\/www.progepi.fr\/en\/wp-json\/wp\/v2\/tags?post=1650"}],"curies":[{"name":"wp","href":"https:\/\/api.w.org\/{rel}","templated":true}]}}