{"id":1663,"date":"2017-04-25T15:15:53","date_gmt":"2017-04-25T13:15:53","guid":{"rendered":"http:\/\/www.progepi.fr\/?page_id=1663"},"modified":"2017-04-25T15:15:53","modified_gmt":"2017-04-25T13:15:53","slug":"2014-procedes-hydrometallurgiques-pour-la-recuperation-et-le-recyclage-des-metaux","status":"publish","type":"page","link":"https:\/\/www.progepi.fr\/en\/progepevents\/j3p\/retrospective\/2014-procedes-hydrometallurgiques-pour-la-recuperation-et-le-recyclage-des-metaux\/","title":{"rendered":"(Fran\u00e7ais) 2014 &#8211; Proc\u00e9d\u00e9s hydrom\u00e9tallurgiques pour la r\u00e9cup\u00e9ration et le recyclage des m\u00e9taux"},"content":{"rendered":"","protected":false},"excerpt":{"rendered":"","protected":false},"author":1,"featured_media":0,"parent":435,"menu_order":118,"comment_status":"closed","ping_status":"closed","template":"","meta":[],"categories":[11],"tags":[],"_links":{"self":[{"href":"https:\/\/www.progepi.fr\/en\/wp-json\/wp\/v2\/pages\/1663"}],"collection":[{"href":"https:\/\/www.progepi.fr\/en\/wp-json\/wp\/v2\/pages"}],"about":[{"href":"https:\/\/www.progepi.fr\/en\/wp-json\/wp\/v2\/types\/page"}],"author":[{"embeddable":true,"href":"https:\/\/www.progepi.fr\/en\/wp-json\/wp\/v2\/users\/1"}],"replies":[{"embeddable":true,"href":"https:\/\/www.progepi.fr\/en\/wp-json\/wp\/v2\/comments?post=1663"}],"version-history":[{"count":1,"href":"https:\/\/www.progepi.fr\/en\/wp-json\/wp\/v2\/pages\/1663\/revisions"}],"predecessor-version":[{"id":1675,"href":"https:\/\/www.progepi.fr\/en\/wp-json\/wp\/v2\/pages\/1663\/revisions\/1675"}],"up":[{"embeddable":true,"href":"https:\/\/www.progepi.fr\/en\/wp-json\/wp\/v2\/pages\/435"}],"wp:attachment":[{"href":"https:\/\/www.progepi.fr\/en\/wp-json\/wp\/v2\/media?parent=1663"}],"wp:term":[{"taxonomy":"category","embeddable":true,"href":"https:\/\/www.progepi.fr\/en\/wp-json\/wp\/v2\/categories?post=1663"},{"taxonomy":"post_tag","embeddable":true,"href":"https:\/\/www.progepi.fr\/en\/wp-json\/wp\/v2\/tags?post=1663"}],"curies":[{"name":"wp","href":"https:\/\/api.w.org\/{rel}","templated":true}]}}