{"id":199,"date":"2017-03-27T16:38:49","date_gmt":"2017-03-27T14:38:49","guid":{"rendered":"http:\/\/www.progepi.fr\/?page_id=199"},"modified":"2018-07-04T15:46:30","modified_gmt":"2018-07-04T13:46:30","slug":"essais-experimentaux","status":"publish","type":"page","link":"https:\/\/www.progepi.fr\/en\/gisfitech\/type-de-prestations\/essais-experimentaux\/","title":{"rendered":"Essais exp\u00e9rimentaux"},"content":{"rendered":"<p>PROGEPI propose un large \u00e9ventail d\u2019essais exp\u00e9rimentaux de l\u2019\u00e9chelle du laboratoire \u00e0 celle du pilote.<\/p>\n<p>La r\u00e9alisation de ces essais peut permettre de comprendre les ph\u00e9nom\u00e8nes en jeu ou de tester l\u2019influence de diff\u00e9rents param\u00e8tres dans le but d\u2019optimiser un proc\u00e9d\u00e9.<\/p>\n<p>De part la pluridisciplinarit\u00e9 du GISFI, les essais que nous r\u00e9alisons vont des tests de traitabilit\u00e9 et de r\u00e9activit\u00e9 d\u2019un sol \u00e0 la culture v\u00e9g\u00e9tale.<\/p>\n<p>En partenariat avec les laboratoires du GISFI, nous proposons des prestations d\u2019analyse et de caract\u00e9risation :<\/p>\n<ul>\n<li>sols, s\u00e9diments, eaux, v\u00e9g\u00e9taux<\/li>\n<li>polluants (HC, HAP, PCB, \u00e9l\u00e9ments en trace)<\/li>\n<li>organismes vivants<\/li>\n<\/ul>\n<p><\/p>","protected":false},"excerpt":{"rendered":"<p>PROGEPI propose un large \u00e9ventail d\u2019essais exp\u00e9rimentaux de l\u2019\u00e9chelle du laboratoire \u00e0 celle du pilote. La r\u00e9alisation de ces essais peut permettre de comprendre les ph\u00e9nom\u00e8nes en jeu ou de tester l\u2019influence de diff\u00e9rents param\u00e8tres dans le but d\u2019optimiser un proc\u00e9d\u00e9. De part la pluridisciplinarit\u00e9 du GISFI, les essais que nous r\u00e9alisons vont des tests &hellip; <a href=\"https:\/\/www.progepi.fr\/en\/gisfitech\/type-de-prestations\/essais-experimentaux\/\" class=\"more-link\">Continue reading<span class=\"screen-reader-text\"> &#8220;Essais exp\u00e9rimentaux&#8221;<\/span><\/a><\/p>\n","protected":false},"author":1,"featured_media":0,"parent":2511,"menu_order":85,"comment_status":"closed","ping_status":"closed","template":"","meta":[],"categories":[10],"tags":[],"_links":{"self":[{"href":"https:\/\/www.progepi.fr\/en\/wp-json\/wp\/v2\/pages\/199"}],"collection":[{"href":"https:\/\/www.progepi.fr\/en\/wp-json\/wp\/v2\/pages"}],"about":[{"href":"https:\/\/www.progepi.fr\/en\/wp-json\/wp\/v2\/types\/page"}],"author":[{"embeddable":true,"href":"https:\/\/www.progepi.fr\/en\/wp-json\/wp\/v2\/users\/1"}],"replies":[{"embeddable":true,"href":"https:\/\/www.progepi.fr\/en\/wp-json\/wp\/v2\/comments?post=199"}],"version-history":[{"count":6,"href":"https:\/\/www.progepi.fr\/en\/wp-json\/wp\/v2\/pages\/199\/revisions"}],"predecessor-version":[{"id":3022,"href":"https:\/\/www.progepi.fr\/en\/wp-json\/wp\/v2\/pages\/199\/revisions\/3022"}],"up":[{"embeddable":true,"href":"https:\/\/www.progepi.fr\/en\/wp-json\/wp\/v2\/pages\/2511"}],"wp:attachment":[{"href":"https:\/\/www.progepi.fr\/en\/wp-json\/wp\/v2\/media?parent=199"}],"wp:term":[{"taxonomy":"category","embeddable":true,"href":"https:\/\/www.progepi.fr\/en\/wp-json\/wp\/v2\/categories?post=199"},{"taxonomy":"post_tag","embeddable":true,"href":"https:\/\/www.progepi.fr\/en\/wp-json\/wp\/v2\/tags?post=199"}],"curies":[{"name":"wp","href":"https:\/\/api.w.org\/{rel}","templated":true}]}}