{"id":201,"date":"2017-03-27T16:39:32","date_gmt":"2017-03-27T14:39:32","guid":{"rendered":"http:\/\/www.progepi.fr\/?page_id=201"},"modified":"2018-04-26T14:15:19","modified_gmt":"2018-04-26T12:15:19","slug":"modelisations-et-simulations","status":"publish","type":"page","link":"https:\/\/www.progepi.fr\/en\/gisfitech\/type-de-prestations\/modelisations-et-simulations\/","title":{"rendered":"Mod\u00e9lisations et simulations"},"content":{"rendered":"<p>\n   <div class=\"uix-sc-row\" style=\"padding: 0px 0px 0px 0px;\">\n\n   <div class=\"uix-sc-col--9  \">\n       \n<ul>\n<li>Mod\u00e9lisation hydrodynamique<\/li>\n<li>Mod\u00e9lisation des r\u00e9actions g\u00e9ochimiques (PhreeQC)<\/li>\n<li>Caract\u00e9risation et suivi des panaches de pollution<\/li>\n<li>Risques de contamination (Modflow, Hydrus)<\/li>\n<\/ul>\n\n\t<\/div>\n\n   <div class=\"uix-sc-col--3  uix-sc-col--last\">\n       \n<p><img loading=\"lazy\" class=\"size-medium wp-image-394 aligncenter\" src=\"http:\/\/www.progepi.fr\/wp-content\/uploads\/2017\/03\/16-289x300.png\" alt=\"Mod\u00e9lisations et simulations\" width=\"289\" height=\"300\" \/><\/p>\n\n\t<\/div>\n\n\t<\/div><!-- \/.uix-sc-row -->                                   \n   <\/p>","protected":false},"excerpt":{"rendered":"<p>Sorry, this entry is only available in French.<\/p>\n","protected":false},"author":1,"featured_media":0,"parent":2511,"menu_order":87,"comment_status":"closed","ping_status":"closed","template":"","meta":[],"categories":[10],"tags":[],"_links":{"self":[{"href":"https:\/\/www.progepi.fr\/en\/wp-json\/wp\/v2\/pages\/201"}],"collection":[{"href":"https:\/\/www.progepi.fr\/en\/wp-json\/wp\/v2\/pages"}],"about":[{"href":"https:\/\/www.progepi.fr\/en\/wp-json\/wp\/v2\/types\/page"}],"author":[{"embeddable":true,"href":"https:\/\/www.progepi.fr\/en\/wp-json\/wp\/v2\/users\/1"}],"replies":[{"embeddable":true,"href":"https:\/\/www.progepi.fr\/en\/wp-json\/wp\/v2\/comments?post=201"}],"version-history":[{"count":5,"href":"https:\/\/www.progepi.fr\/en\/wp-json\/wp\/v2\/pages\/201\/revisions"}],"predecessor-version":[{"id":2770,"href":"https:\/\/www.progepi.fr\/en\/wp-json\/wp\/v2\/pages\/201\/revisions\/2770"}],"up":[{"embeddable":true,"href":"https:\/\/www.progepi.fr\/en\/wp-json\/wp\/v2\/pages\/2511"}],"wp:attachment":[{"href":"https:\/\/www.progepi.fr\/en\/wp-json\/wp\/v2\/media?parent=201"}],"wp:term":[{"taxonomy":"category","embeddable":true,"href":"https:\/\/www.progepi.fr\/en\/wp-json\/wp\/v2\/categories?post=201"},{"taxonomy":"post_tag","embeddable":true,"href":"https:\/\/www.progepi.fr\/en\/wp-json\/wp\/v2\/tags?post=201"}],"curies":[{"name":"wp","href":"https:\/\/api.w.org\/{rel}","templated":true}]}}