{"id":3063,"date":"2018-07-12T12:04:35","date_gmt":"2018-07-12T10:04:35","guid":{"rendered":"https:\/\/www.progepi.fr\/?page_id=3063"},"modified":"2018-11-15T14:23:54","modified_gmt":"2018-11-15T13:23:54","slug":"2018-quelles-perspectives-pour-les-liquides-ioniques-dans-les-procedes-industriels-jeudi-11-octobre","status":"publish","type":"page","link":"https:\/\/www.progepi.fr\/en\/progepevents\/j3p\/retrospective\/2018-quelles-perspectives-pour-les-liquides-ioniques-dans-les-procedes-industriels-jeudi-11-octobre\/","title":{"rendered":"(Fran\u00e7ais) Quelles perspectives pour les liquides ioniques dans les proc\u00e9d\u00e9s industriels ? &#8211; Jeudi 11 Octobre 2018"},"content":{"rendered":"","protected":true},"excerpt":{"rendered":"","protected":true},"author":2,"featured_media":0,"parent":435,"menu_order":60,"comment_status":"closed","ping_status":"closed","template":"","meta":[],"categories":[11],"tags":[],"_links":{"self":[{"href":"https:\/\/www.progepi.fr\/en\/wp-json\/wp\/v2\/pages\/3063"}],"collection":[{"href":"https:\/\/www.progepi.fr\/en\/wp-json\/wp\/v2\/pages"}],"about":[{"href":"https:\/\/www.progepi.fr\/en\/wp-json\/wp\/v2\/types\/page"}],"author":[{"embeddable":true,"href":"https:\/\/www.progepi.fr\/en\/wp-json\/wp\/v2\/users\/2"}],"replies":[{"embeddable":true,"href":"https:\/\/www.progepi.fr\/en\/wp-json\/wp\/v2\/comments?post=3063"}],"version-history":[{"count":4,"href":"https:\/\/www.progepi.fr\/en\/wp-json\/wp\/v2\/pages\/3063\/revisions"}],"predecessor-version":[{"id":3296,"href":"https:\/\/www.progepi.fr\/en\/wp-json\/wp\/v2\/pages\/3063\/revisions\/3296"}],"up":[{"embeddable":true,"href":"https:\/\/www.progepi.fr\/en\/wp-json\/wp\/v2\/pages\/435"}],"wp:attachment":[{"href":"https:\/\/www.progepi.fr\/en\/wp-json\/wp\/v2\/media?parent=3063"}],"wp:term":[{"taxonomy":"category","embeddable":true,"href":"https:\/\/www.progepi.fr\/en\/wp-json\/wp\/v2\/categories?post=3063"},{"taxonomy":"post_tag","embeddable":true,"href":"https:\/\/www.progepi.fr\/en\/wp-json\/wp\/v2\/tags?post=3063"}],"curies":[{"name":"wp","href":"https:\/\/api.w.org\/{rel}","templated":true}]}}