{"id":3813,"date":"2019-01-23T17:44:59","date_gmt":"2019-01-23T16:44:59","guid":{"rendered":"https:\/\/www.progepi.fr\/?page_id=3813"},"modified":"2021-03-04T11:04:04","modified_gmt":"2021-03-04T10:04:04","slug":"congres-en-cours-a-venir","status":"publish","type":"page","link":"https:\/\/www.progepi.fr\/en\/progepevents\/congres-scientifiques\/congres-en-cours-a-venir\/","title":{"rendered":"(Fran\u00e7ais) Ev\u00e8nements en cours et \u00e0 venir"},"content":{"rendered":"<p class=\"qtranxs-available-languages-message qtranxs-available-languages-message-en\">Sorry, this entry is only available in <a href=\"https:\/\/www.progepi.fr\/fr\/wp-json\/wp\/v2\/pages\/3813\" class=\"qtranxs-available-language-link qtranxs-available-language-link-fr\" title=\"Fran\u00e7ais\">French<\/a>.<\/p>","protected":false},"excerpt":{"rendered":"<p>Sorry, this entry is only available in French.<\/p>\n","protected":false},"author":2,"featured_media":0,"parent":178,"menu_order":44,"comment_status":"closed","ping_status":"closed","template":"","meta":[],"categories":[11],"tags":[],"_links":{"self":[{"href":"https:\/\/www.progepi.fr\/en\/wp-json\/wp\/v2\/pages\/3813"}],"collection":[{"href":"https:\/\/www.progepi.fr\/en\/wp-json\/wp\/v2\/pages"}],"about":[{"href":"https:\/\/www.progepi.fr\/en\/wp-json\/wp\/v2\/types\/page"}],"author":[{"embeddable":true,"href":"https:\/\/www.progepi.fr\/en\/wp-json\/wp\/v2\/users\/2"}],"replies":[{"embeddable":true,"href":"https:\/\/www.progepi.fr\/en\/wp-json\/wp\/v2\/comments?post=3813"}],"version-history":[{"count":5,"href":"https:\/\/www.progepi.fr\/en\/wp-json\/wp\/v2\/pages\/3813\/revisions"}],"predecessor-version":[{"id":5142,"href":"https:\/\/www.progepi.fr\/en\/wp-json\/wp\/v2\/pages\/3813\/revisions\/5142"}],"up":[{"embeddable":true,"href":"https:\/\/www.progepi.fr\/en\/wp-json\/wp\/v2\/pages\/178"}],"wp:attachment":[{"href":"https:\/\/www.progepi.fr\/en\/wp-json\/wp\/v2\/media?parent=3813"}],"wp:term":[{"taxonomy":"category","embeddable":true,"href":"https:\/\/www.progepi.fr\/en\/wp-json\/wp\/v2\/categories?post=3813"},{"taxonomy":"post_tag","embeddable":true,"href":"https:\/\/www.progepi.fr\/en\/wp-json\/wp\/v2\/tags?post=3813"}],"curies":[{"name":"wp","href":"https:\/\/api.w.org\/{rel}","templated":true}]}}