{"id":4087,"date":"2019-04-12T11:47:15","date_gmt":"2019-04-12T09:47:15","guid":{"rendered":"https:\/\/www.progepi.fr\/?page_id=4087"},"modified":"2021-01-05T11:58:15","modified_gmt":"2021-01-05T10:58:15","slug":"les-procedes-de-purification-des-produits-biosources-jeudi-21-mars-2019","status":"publish","type":"page","link":"https:\/\/www.progepi.fr\/en\/progepevents\/j3p\/retrospective\/les-procedes-de-purification-des-produits-biosources-jeudi-21-mars-2019\/","title":{"rendered":"(Fran\u00e7ais) Les proc\u00e9d\u00e9s de purification des produits biosourc\u00e9s &#8211; Jeudi 21 mars 2019"},"content":{"rendered":"","protected":true},"excerpt":{"rendered":"","protected":true},"author":2,"featured_media":0,"parent":435,"menu_order":33,"comment_status":"closed","ping_status":"closed","template":"","meta":[],"categories":[11],"tags":[],"_links":{"self":[{"href":"https:\/\/www.progepi.fr\/en\/wp-json\/wp\/v2\/pages\/4087"}],"collection":[{"href":"https:\/\/www.progepi.fr\/en\/wp-json\/wp\/v2\/pages"}],"about":[{"href":"https:\/\/www.progepi.fr\/en\/wp-json\/wp\/v2\/types\/page"}],"author":[{"embeddable":true,"href":"https:\/\/www.progepi.fr\/en\/wp-json\/wp\/v2\/users\/2"}],"replies":[{"embeddable":true,"href":"https:\/\/www.progepi.fr\/en\/wp-json\/wp\/v2\/comments?post=4087"}],"version-history":[{"count":5,"href":"https:\/\/www.progepi.fr\/en\/wp-json\/wp\/v2\/pages\/4087\/revisions"}],"predecessor-version":[{"id":4105,"href":"https:\/\/www.progepi.fr\/en\/wp-json\/wp\/v2\/pages\/4087\/revisions\/4105"}],"up":[{"embeddable":true,"href":"https:\/\/www.progepi.fr\/en\/wp-json\/wp\/v2\/pages\/435"}],"wp:attachment":[{"href":"https:\/\/www.progepi.fr\/en\/wp-json\/wp\/v2\/media?parent=4087"}],"wp:term":[{"taxonomy":"category","embeddable":true,"href":"https:\/\/www.progepi.fr\/en\/wp-json\/wp\/v2\/categories?post=4087"},{"taxonomy":"post_tag","embeddable":true,"href":"https:\/\/www.progepi.fr\/en\/wp-json\/wp\/v2\/tags?post=4087"}],"curies":[{"name":"wp","href":"https:\/\/api.w.org\/{rel}","templated":true}]}}