{"id":4163,"date":"2019-06-05T12:05:34","date_gmt":"2019-06-05T10:05:34","guid":{"rendered":"https:\/\/www.progepi.fr\/?page_id=4163"},"modified":"2019-06-26T14:17:49","modified_gmt":"2019-06-26T12:17:49","slug":"applications-industrielles-des-procedes-de-separation-de-gaz-par-membranes-jeudi-23-mai-2019","status":"publish","type":"page","link":"https:\/\/www.progepi.fr\/en\/progepevents\/j3p\/retrospective\/applications-industrielles-des-procedes-de-separation-de-gaz-par-membranes-jeudi-23-mai-2019\/","title":{"rendered":"(Fran\u00e7ais) Applications industrielles des proc\u00e9d\u00e9s de s\u00e9paration de gaz par membranes &#8211; Jeudi 23 mai 2019"},"content":{"rendered":"","protected":true},"excerpt":{"rendered":"","protected":true},"author":2,"featured_media":0,"parent":435,"menu_order":32,"comment_status":"closed","ping_status":"closed","template":"","meta":[],"categories":[11],"tags":[],"_links":{"self":[{"href":"https:\/\/www.progepi.fr\/en\/wp-json\/wp\/v2\/pages\/4163"}],"collection":[{"href":"https:\/\/www.progepi.fr\/en\/wp-json\/wp\/v2\/pages"}],"about":[{"href":"https:\/\/www.progepi.fr\/en\/wp-json\/wp\/v2\/types\/page"}],"author":[{"embeddable":true,"href":"https:\/\/www.progepi.fr\/en\/wp-json\/wp\/v2\/users\/2"}],"replies":[{"embeddable":true,"href":"https:\/\/www.progepi.fr\/en\/wp-json\/wp\/v2\/comments?post=4163"}],"version-history":[{"count":3,"href":"https:\/\/www.progepi.fr\/en\/wp-json\/wp\/v2\/pages\/4163\/revisions"}],"predecessor-version":[{"id":4197,"href":"https:\/\/www.progepi.fr\/en\/wp-json\/wp\/v2\/pages\/4163\/revisions\/4197"}],"up":[{"embeddable":true,"href":"https:\/\/www.progepi.fr\/en\/wp-json\/wp\/v2\/pages\/435"}],"wp:attachment":[{"href":"https:\/\/www.progepi.fr\/en\/wp-json\/wp\/v2\/media?parent=4163"}],"wp:term":[{"taxonomy":"category","embeddable":true,"href":"https:\/\/www.progepi.fr\/en\/wp-json\/wp\/v2\/categories?post=4163"},{"taxonomy":"post_tag","embeddable":true,"href":"https:\/\/www.progepi.fr\/en\/wp-json\/wp\/v2\/tags?post=4163"}],"curies":[{"name":"wp","href":"https:\/\/api.w.org\/{rel}","templated":true}]}}