{"id":4174,"date":"2019-06-05T12:17:43","date_gmt":"2019-06-05T10:17:43","guid":{"rendered":"https:\/\/www.progepi.fr\/?page_id=4174"},"modified":"2019-06-05T12:31:15","modified_gmt":"2019-06-05T10:31:15","slug":"livret-de-la-j3p-applications-industrielles-des-procedes-de-separation-de-gaz-par-membranes-23-mai-2019","status":"publish","type":"page","link":"https:\/\/www.progepi.fr\/en\/livret-de-la-j3p-applications-industrielles-des-procedes-de-separation-de-gaz-par-membranes-23-mai-2019\/","title":{"rendered":"(Fran\u00e7ais) Livret de la J3P &#8211; Applications industrielles des proc\u00e9d\u00e9s de s\u00e9paration de gaz par membranes, 23 mai 2019"},"content":{"rendered":"","protected":true},"excerpt":{"rendered":"","protected":true},"author":2,"featured_media":0,"parent":0,"menu_order":39,"comment_status":"closed","ping_status":"closed","template":"","meta":[],"categories":[11],"tags":[],"_links":{"self":[{"href":"https:\/\/www.progepi.fr\/en\/wp-json\/wp\/v2\/pages\/4174"}],"collection":[{"href":"https:\/\/www.progepi.fr\/en\/wp-json\/wp\/v2\/pages"}],"about":[{"href":"https:\/\/www.progepi.fr\/en\/wp-json\/wp\/v2\/types\/page"}],"author":[{"embeddable":true,"href":"https:\/\/www.progepi.fr\/en\/wp-json\/wp\/v2\/users\/2"}],"replies":[{"embeddable":true,"href":"https:\/\/www.progepi.fr\/en\/wp-json\/wp\/v2\/comments?post=4174"}],"version-history":[{"count":2,"href":"https:\/\/www.progepi.fr\/en\/wp-json\/wp\/v2\/pages\/4174\/revisions"}],"predecessor-version":[{"id":4178,"href":"https:\/\/www.progepi.fr\/en\/wp-json\/wp\/v2\/pages\/4174\/revisions\/4178"}],"wp:attachment":[{"href":"https:\/\/www.progepi.fr\/en\/wp-json\/wp\/v2\/media?parent=4174"}],"wp:term":[{"taxonomy":"category","embeddable":true,"href":"https:\/\/www.progepi.fr\/en\/wp-json\/wp\/v2\/categories?post=4174"},{"taxonomy":"post_tag","embeddable":true,"href":"https:\/\/www.progepi.fr\/en\/wp-json\/wp\/v2\/tags?post=4174"}],"curies":[{"name":"wp","href":"https:\/\/api.w.org\/{rel}","templated":true}]}}