{"id":4345,"date":"2019-12-04T11:02:52","date_gmt":"2019-12-04T10:02:52","guid":{"rendered":"https:\/\/www.progepi.fr\/?page_id=4345"},"modified":"2019-12-04T11:02:52","modified_gmt":"2019-12-04T10:02:52","slug":"livret-de-la-j3p-hydrometallurgie-novembre-2019","status":"publish","type":"page","link":"https:\/\/www.progepi.fr\/en\/livret-de-la-j3p-hydrometallurgie-novembre-2019\/","title":{"rendered":"(Fran\u00e7ais) Livret de la J3P &#8211; Proc\u00e9d\u00e9s hydrom\u00e9tallurgiques pour la r\u00e9cup\u00e9ration et le recyclage des m\u00e9taux, jeudi 28 novembre 2019"},"content":{"rendered":"","protected":true},"excerpt":{"rendered":"","protected":true},"author":2,"featured_media":0,"parent":0,"menu_order":38,"comment_status":"closed","ping_status":"closed","template":"","meta":[],"categories":[11],"tags":[],"_links":{"self":[{"href":"https:\/\/www.progepi.fr\/en\/wp-json\/wp\/v2\/pages\/4345"}],"collection":[{"href":"https:\/\/www.progepi.fr\/en\/wp-json\/wp\/v2\/pages"}],"about":[{"href":"https:\/\/www.progepi.fr\/en\/wp-json\/wp\/v2\/types\/page"}],"author":[{"embeddable":true,"href":"https:\/\/www.progepi.fr\/en\/wp-json\/wp\/v2\/users\/2"}],"replies":[{"embeddable":true,"href":"https:\/\/www.progepi.fr\/en\/wp-json\/wp\/v2\/comments?post=4345"}],"version-history":[{"count":1,"href":"https:\/\/www.progepi.fr\/en\/wp-json\/wp\/v2\/pages\/4345\/revisions"}],"predecessor-version":[{"id":4346,"href":"https:\/\/www.progepi.fr\/en\/wp-json\/wp\/v2\/pages\/4345\/revisions\/4346"}],"wp:attachment":[{"href":"https:\/\/www.progepi.fr\/en\/wp-json\/wp\/v2\/media?parent=4345"}],"wp:term":[{"taxonomy":"category","embeddable":true,"href":"https:\/\/www.progepi.fr\/en\/wp-json\/wp\/v2\/categories?post=4345"},{"taxonomy":"post_tag","embeddable":true,"href":"https:\/\/www.progepi.fr\/en\/wp-json\/wp\/v2\/tags?post=4345"}],"curies":[{"name":"wp","href":"https:\/\/api.w.org\/{rel}","templated":true}]}}