{"id":435,"date":"2017-03-28T17:48:28","date_gmt":"2017-03-28T15:48:28","guid":{"rendered":"http:\/\/www.progepi.fr\/?page_id=435"},"modified":"2021-02-04T10:06:25","modified_gmt":"2021-02-04T09:06:25","slug":"retrospective","status":"publish","type":"page","link":"https:\/\/www.progepi.fr\/en\/progepevents\/j3p\/retrospective\/","title":{"rendered":"Programmes"},"content":{"rendered":"<p><\/p>\n<h2>Ann\u00e9e 2016<\/h2>\n<p><strong>Jeudi \u200b13 octobre 2016 : Nanoparticules : quels risques ? quelles protections ?<\/strong><\/p>\n<p>Cette journ\u00e9e sera d\u00e9di\u00e9e \u00e0 la pr\u00e9sentation des risques li\u00e9s \u00e0 la manipulation de nanoparticules, que ce soit en mati\u00e8re d\u2019\u00e9quipements, de sant\u00e9 ou d\u2019environnement, ainsi qu\u2019\u00e0 la pr\u00e9sentation des dispositifs de protection ou bonnes pratiques \u00e0 mettre en place lors de leur manipulation.<\/p>\n<p>Avec la participation de l\u2019ANSES,INERIS, INRS, InVS (Institut de Veille Sanitaire), et des laboratoires de recherche IJL, LIEC et LRGP<\/p>\n<h3>Comit\u00e9 local d&#8217;organisation<\/h3>\n<p>Olivier Dufaud &#8211; olivier .dufaud@univ-lorraine.fr<br \/>\nDominique Thomas &#8211; domique.thomas@univ-lorraine.fr<br \/>\nRichard Lain\u00e9 &#8211; richard.laine@univ-lorraine.fr<br \/>\nAna\u00eblle Cloteaux &#8211; annaelle.cloteaux@univ-lorraine.fr<\/p>\n<a class=\"uix-sc-btn uix-sc-btn--none \" style=\"background:#cc234e;font-size:1rem;letter-spacing:0px;-webkit-border-radius: 10px; -moz-border-radius: 10px; border-radius: 10px;color:#ffffff;\"  target=\"_blank\" href=\"\/wp-content\/uploads\/2017\/03\/progepi-lettre-32.pdf\" data-hover=\"#cc1240\" data-default-bg=\"#cc234e\"><i class=\"fa fa-file-text-o\"><\/i>Voir le programme<\/a>\n<div class=\"uix-sc-separator--gradient\" style=\"width:100%;filter:alpha(opacity=17);-moz-opacity:0.17;opacity: 0.17;\"><\/div>\n<p><strong>\u200bMardi 12 juillet 2016 : Proc\u00e9d\u00e9s hydrom\u00e9tallurgiques pour la r\u00e9cup\u00e9ration et le recyclage des m\u00e9taux<\/strong><\/p>\n<p>La r\u00e9cup\u00e9ration et le recyclage des m\u00e9taux sont en effet au c\u0153ur des pr\u00e9occupations industrielles, li\u00e9es \u00e0 des imp\u00e9ratifs \u00e9conomiques et environnementaux. Les d\u00e9chets urbains ou miniers sont une mati\u00e8re premi\u00e8re secondaire de choix, mais cette ressource peut s\u2019av\u00e9rer plus complexe \u00e0 traiter que les minerais, avec notamment des teneurs en m\u00e9taux plus faibles et des m\u00e9langes de m\u00e9taux diff\u00e9rents.<\/p>\n<p>Dans ce cadre, les proc\u00e9d\u00e9s hydro-m\u00e9tallurgiques sont tout particuli\u00e8rement adapt\u00e9s \u00e0 la s\u00e9paration et la purification des m\u00e9taux. L&#8217;adaptation de proc\u00e9d\u00e9s anciens \u00e0 ces nouvelles ressources, les difficult\u00e9s rencontr\u00e9es et les verrous scientifiques, ainsi que des exemples de r\u00e9cup\u00e9ration et de recyclage de m\u00e9taux, seront pr\u00e9sent\u00e9s par diff\u00e9rents intervenants issus de l\u2019industrie et du monde acad\u00e9mique. \u200b<\/p>\n<h3>Comit\u00e9 local d&#8217;organisation<\/h3>\n<p>Caroline Bonnet &#8211; caroline.bonnet@univ-lorraine.fr<br \/>\nFrancois Lapicque &#8211; francois.lapicque@univ-lorraine.fr<br \/>\nBaptiste Laubie &#8211; baptiste.laubie@univ-lorraine.fr<br \/>\nMarie Lepage &#8211; marie.lepage@univ-lorraine.fr<br \/>\nHerv\u00e9 Muhr &#8211; herve.muhr@univ-lorraine.fr<br \/>\nLaurence Muhr &#8211; laurence.muhr@univ-lorraine.fr<br \/>\nEdouard Plasari &#8211; edouard.plasari@univ-lorraine.fr<br \/>\nMarie-Odile Simonnot &#8211; \u200bmarie-odile.simonnot@univ-lorraine.fr<\/p>\n<div class=\"uix-sc-separator--gradient\" style=\"width:100%;filter:alpha(opacity=17);-moz-opacity:0.17;opacity: 0.17;\"><\/div><\/p>","protected":false},"excerpt":{"rendered":"<p>Ann\u00e9e 2016 Jeudi \u200b13 octobre 2016 : Nanoparticules : quels risques ? quelles protections ? Cette journ\u00e9e sera d\u00e9di\u00e9e \u00e0 la pr\u00e9sentation des risques li\u00e9s \u00e0 la manipulation de nanoparticules, que ce soit en mati\u00e8re d\u2019\u00e9quipements, de sant\u00e9 ou d\u2019environnement, ainsi qu\u2019\u00e0 la pr\u00e9sentation des dispositifs de protection ou bonnes pratiques \u00e0 mettre en place &hellip; <a href=\"https:\/\/www.progepi.fr\/en\/progepevents\/j3p\/retrospective\/\" class=\"more-link\">Continue reading<span class=\"screen-reader-text\"> &#8220;Programmes&#8221;<\/span><\/a><\/p>\n","protected":false},"author":1,"featured_media":0,"parent":180,"menu_order":114,"comment_status":"closed","ping_status":"closed","template":"","meta":[],"categories":[11],"tags":[],"_links":{"self":[{"href":"https:\/\/www.progepi.fr\/en\/wp-json\/wp\/v2\/pages\/435"}],"collection":[{"href":"https:\/\/www.progepi.fr\/en\/wp-json\/wp\/v2\/pages"}],"about":[{"href":"https:\/\/www.progepi.fr\/en\/wp-json\/wp\/v2\/types\/page"}],"author":[{"embeddable":true,"href":"https:\/\/www.progepi.fr\/en\/wp-json\/wp\/v2\/users\/1"}],"replies":[{"embeddable":true,"href":"https:\/\/www.progepi.fr\/en\/wp-json\/wp\/v2\/comments?post=435"}],"version-history":[{"count":8,"href":"https:\/\/www.progepi.fr\/en\/wp-json\/wp\/v2\/pages\/435\/revisions"}],"predecessor-version":[{"id":5022,"href":"https:\/\/www.progepi.fr\/en\/wp-json\/wp\/v2\/pages\/435\/revisions\/5022"}],"up":[{"embeddable":true,"href":"https:\/\/www.progepi.fr\/en\/wp-json\/wp\/v2\/pages\/180"}],"wp:attachment":[{"href":"https:\/\/www.progepi.fr\/en\/wp-json\/wp\/v2\/media?parent=435"}],"wp:term":[{"taxonomy":"category","embeddable":true,"href":"https:\/\/www.progepi.fr\/en\/wp-json\/wp\/v2\/categories?post=435"},{"taxonomy":"post_tag","embeddable":true,"href":"https:\/\/www.progepi.fr\/en\/wp-json\/wp\/v2\/tags?post=435"}],"curies":[{"name":"wp","href":"https:\/\/api.w.org\/{rel}","templated":true}]}}